{"id":27409,"date":"2026-04-09T14:49:53","date_gmt":"2026-04-09T12:49:53","guid":{"rendered":"https:\/\/e-komplet.dk\/wikiekomplet\/?page_id=27409"},"modified":"2026-04-09T14:50:31","modified_gmt":"2026-04-09T12:50:31","slug":"mobiltelefon-indstillinger","status":"publish","type":"page","link":"https:\/\/e-komplet.dk\/wikiekomplet\/mobiltelefon-indstillinger\/","title":{"rendered":"Mobiltelefon indstillinger"},"content":{"rendered":"\t\t<div data-elementor-type=\"wp-page\" data-elementor-id=\"27409\" class=\"elementor elementor-27409\" data-elementor-post-type=\"page\">\n\t\t\t\t\t\t<section class=\"elementor-section elementor-top-section elementor-element elementor-element-551dca41 elementor-section-boxed elementor-section-height-default elementor-section-height-default\" data-id=\"551dca41\" data-element_type=\"section\" data-e-type=\"section\">\n\t\t\t\t\t\t<div class=\"elementor-container elementor-column-gap-default\">\n\t\t\t\t\t<div class=\"elementor-column elementor-col-100 elementor-top-column elementor-element elementor-element-413edd5d\" data-id=\"413edd5d\" data-element_type=\"column\" data-e-type=\"column\">\n\t\t\t<div class=\"elementor-widget-wrap elementor-element-populated\">\n\t\t\t\t\t\t<div class=\"elementor-element elementor-element-e7d24e3 elementor-widget__width-initial elementor-widget elementor-widget-heading\" data-id=\"e7d24e3\" data-element_type=\"widget\" data-e-type=\"widget\" id=\"genvejstaster\" data-widget_type=\"heading.default\">\n\t\t\t\t<div class=\"elementor-widget-container\">\n\t\t\t\t\t<h2 class=\"elementor-heading-title elementor-size-default\">Mobiltelefon indstillinger<\/h2>\t\t\t\t<\/div>\n\t\t\t\t<\/div>\n\t\t\t\t\t<\/div>\n\t\t<\/div>\n\t\t\t\t\t<\/div>\n\t\t<\/section>\n\t\t\t\t<section class=\"elementor-section elementor-top-section elementor-element elementor-element-178a9fed elementor-section-boxed elementor-section-height-default elementor-section-height-default\" data-id=\"178a9fed\" data-element_type=\"section\" data-e-type=\"section\">\n\t\t\t\t\t\t<div class=\"elementor-container elementor-column-gap-default\">\n\t\t\t\t\t<div class=\"elementor-column elementor-col-50 elementor-top-column elementor-element elementor-element-3ce26f7a\" data-id=\"3ce26f7a\" data-element_type=\"column\" data-e-type=\"column\">\n\t\t\t<div class=\"elementor-widget-wrap elementor-element-populated\">\n\t\t\t\t\t\t<div class=\"elementor-element elementor-element-2c782262 elementor-toc--minimized-on-tablet elementor-widget elementor-widget-table-of-contents\" data-id=\"2c782262\" data-element_type=\"widget\" data-e-type=\"widget\" data-settings=\"{&quot;headings_by_tags&quot;:[&quot;h3&quot;,&quot;h4&quot;],&quot;exclude_headings_by_selector&quot;:&quot;Existing CSS ID&quot;,&quot;marker_view&quot;:&quot;bullets&quot;,&quot;no_headings_message&quot;:&quot;Der blev ikke fundet nogen overskrifter p\\u00e5 denne side.&quot;,&quot;min_height&quot;:{&quot;unit&quot;:&quot;px&quot;,&quot;size&quot;:0,&quot;sizes&quot;:[]},&quot;icon&quot;:{&quot;value&quot;:&quot;fas fa-circle&quot;,&quot;library&quot;:&quot;fa-solid&quot;},&quot;minimize_box&quot;:&quot;yes&quot;,&quot;minimized_on&quot;:&quot;tablet&quot;,&quot;hierarchical_view&quot;:&quot;yes&quot;,&quot;min_height_tablet&quot;:{&quot;unit&quot;:&quot;px&quot;,&quot;size&quot;:&quot;&quot;,&quot;sizes&quot;:[]},&quot;min_height_mobile&quot;:{&quot;unit&quot;:&quot;px&quot;,&quot;size&quot;:&quot;&quot;,&quot;sizes&quot;:[]}}\" data-widget_type=\"table-of-contents.default\">\n\t\t\t\t<div class=\"elementor-widget-container\">\n\t\t\t\t\t\t\t\t\t<div class=\"elementor-toc__header\">\n\t\t\t\t\t\t<h4 class=\"elementor-toc__header-title\">\n\t\t\t\tI denne artikel\t\t\t<\/h4>\n\t\t\t\t\t\t\t\t\t\t<div class=\"elementor-toc__toggle-button elementor-toc__toggle-button--expand\" role=\"button\" tabindex=\"0\" aria-controls=\"elementor-toc__2c782262\" aria-expanded=\"true\" aria-label=\"Open table of contents\"><i aria-hidden=\"true\" class=\"fas fa-chevron-down\"><\/i><\/div>\n\t\t\t\t<div class=\"elementor-toc__toggle-button elementor-toc__toggle-button--collapse\" role=\"button\" tabindex=\"0\" aria-controls=\"elementor-toc__2c782262\" aria-expanded=\"true\" aria-label=\"Close table of contents\"><i aria-hidden=\"true\" class=\"fas fa-chevron-up\"><\/i><\/div>\n\t\t\t\t\t<\/div>\n\t\t\t\t<div id=\"elementor-toc__2c782262\" class=\"elementor-toc__body\">\n\t\t\t<div class=\"elementor-toc__spinner-container\">\n\t\t\t\t<i class=\"elementor-toc__spinner eicon-animation-spin eicon-loading\" aria-hidden=\"true\"><\/i>\t\t\t<\/div>\n\t\t<\/div>\n\t\t\t\t\t\t<\/div>\n\t\t\t\t<\/div>\n\t\t\t\t<div class=\"elementor-element elementor-element-23662f92 elementor-widget__width-inherit elementor-fixed elementor-widget elementor-widget-progress-tracker\" data-id=\"23662f92\" data-element_type=\"widget\" data-e-type=\"widget\" data-settings=\"{&quot;_position&quot;:&quot;fixed&quot;,&quot;type&quot;:&quot;horizontal&quot;,&quot;relative_to&quot;:&quot;entire_page&quot;}\" data-widget_type=\"progress-tracker.default\">\n\t\t\t\t<div class=\"elementor-widget-container\">\n\t\t\t\t\t\n\t\t<div class=\"elementor-scrolling-tracker elementor-scrolling-tracker-horizontal elementor-scrolling-tracker-alignment-\">\n\t\t\t\t\t\t<div class=\"current-progress\">\n\t\t\t\t\t<div class=\"current-progress-percentage\"><\/div>\n\t\t\t\t<\/div>\n\t\t\t\t<\/div>\n\t\t\t\t\t\t<\/div>\n\t\t\t\t<\/div>\n\t\t\t\t\t<\/div>\n\t\t<\/div>\n\t\t\t\t<div class=\"elementor-column elementor-col-50 elementor-top-column elementor-element elementor-element-2741c5b9\" data-id=\"2741c5b9\" data-element_type=\"column\" data-e-type=\"column\">\n\t\t\t<div class=\"elementor-widget-wrap elementor-element-populated\">\n\t\t\t\t\t\t<div class=\"elementor-element elementor-element-37f00f3 elementor-widget elementor-widget-heading\" data-id=\"37f00f3\" data-element_type=\"widget\" data-e-type=\"widget\" id=\"opret\" data-widget_type=\"heading.default\">\n\t\t\t\t<div class=\"elementor-widget-container\">\n\t\t\t\t\t<h4 class=\"elementor-heading-title elementor-size-default\"><span style=\", sans-serif\">Lokalitetstjenester &amp; ansigtsgenkendelse<\/span><\/h4>\t\t\t\t<\/div>\n\t\t\t\t<\/div>\n\t\t\t\t<div class=\"elementor-element elementor-element-4e52df72 elementor-widget elementor-widget-text-editor\" data-id=\"4e52df72\" data-element_type=\"widget\" data-e-type=\"widget\" data-widget_type=\"text-editor.default\">\n\t\t\t\t<div class=\"elementor-widget-container\">\n\t\t\t\t\t\t\t\t\t<p>I forhold til at f\u00e5 aktiveret lokalitetstjenester og ansigtsgenkendelse i E-komplet , s\u00e5ledes adresser kan s\u00f8ges frem og der kan logges p\u00e5 uden fingeraftryk \/ kode, s\u00e5 kr\u00e6ver det at disse tilladelser er givet p\u00e5 enheden (telefonen)\u00a0<\/p><p>Appen foresl\u00e5r aktivering heraf f\u00f8rste gang der logges p\u00e5 E-komplet. Og igen f\u00f8rste gang efter en opdatering.<\/p><p>Via disse stier kan det manuelt sl\u00e5es til og fra efterf\u00f8lgende, for henholdsvis iPhone og Android:<\/p><p>iPhone: \u201dIndstillinger \u2013 Apps \u2013 E-Komplet\u201d\u00a0<\/p><p><img fetchpriority=\"high\" decoding=\"async\" class=\"\" src=\"https:\/\/support.e-komplet.dk\/api\/v1\/threads\/103491000145632417\/inlineImages\/edbsnb303c148ee121d9ee4d7fb8828ad7340316f0eb815e54e2a5638e394033276e02563dc6658ebe14c551ce40f52832a38e41a3a7dc287dbb976868faa230f3a2c22b7247f47368270a7d0c22f1041eb8f?et=19da5a93b6c&amp;ha=98f6706d94594e8f689c5d389b82e1ccb8f5b1f785ef413e9a8b06d013c40d70&amp;f=4.png\" alt=\"4.png\" width=\"300\" height=\"650\" \/><\/p><p>Android: \u201dIndstillinger \u2013 Apps \u2013 E-Komplet \u2013 Tilladelser\u201d<\/p><p><img decoding=\"async\" class=\"\" src=\"https:\/\/support.e-komplet.dk\/api\/v1\/threads\/103491000145632417\/inlineImages\/edbsnb303c148ee121d9ee4d7fb8828ad7340316f0eb815e54e2a5638e394033276e02563dc6658ebe14c551ce40f52832a3865ac90bb89f1141eaab7959222797dee2e9025ee64689bb35e05408f62ad2310?et=19da5a93b6c&amp;ha=146d289c30c94409e87074d2206ec643483e5dcc78517caa3651213d28ecd266&amp;f=3.jpg\" alt=\"3.jpg\" width=\"300\" height=\"651\" \/><\/p>\t\t\t\t\t\t\t\t<\/div>\n\t\t\t\t<\/div>\n\t\t\t\t\t<\/div>\n\t\t<\/div>\n\t\t\t\t\t<\/div>\n\t\t<\/section>\n\t\t\t\t<\/div>\n\t\t","protected":false},"excerpt":{"rendered":"<p>Mobiltelefon indstillinger I denne artikel Lokalitetstjenester &amp; ansigtsgenkendelse I forhold til at f\u00e5 aktiveret lokalitetstjenester og ansigtsgenkendelse i E-komplet , s\u00e5ledes adresser kan s\u00f8ges frem og der kan logges p\u00e5 uden fingeraftryk \/ kode, s\u00e5 kr\u00e6ver det at disse tilladelser er givet p\u00e5 enheden (telefonen)\u00a0 Appen foresl\u00e5r aktivering heraf f\u00f8rste gang der logges p\u00e5 E-komplet. [&hellip;]<\/p>\n","protected":false},"author":6,"featured_media":0,"parent":0,"menu_order":0,"comment_status":"closed","ping_status":"closed","template":"","meta":{"om_disable_all_campaigns":false,"_import_markdown_pro_load_document_selector":0,"_import_markdown_pro_submit_text_textarea":"","_monsterinsights_skip_tracking":false,"_monsterinsights_sitenote_active":false,"_monsterinsights_sitenote_note":"","_monsterinsights_sitenote_category":0,"footnotes":""},"categories":[],"tags":[],"class_list":["post-27409","page","type-page","status-publish","hentry"],"_links":{"self":[{"href":"https:\/\/e-komplet.dk\/wikiekomplet\/wp-json\/wp\/v2\/pages\/27409","targetHints":{"allow":["GET"]}}],"collection":[{"href":"https:\/\/e-komplet.dk\/wikiekomplet\/wp-json\/wp\/v2\/pages"}],"about":[{"href":"https:\/\/e-komplet.dk\/wikiekomplet\/wp-json\/wp\/v2\/types\/page"}],"author":[{"embeddable":true,"href":"https:\/\/e-komplet.dk\/wikiekomplet\/wp-json\/wp\/v2\/users\/6"}],"replies":[{"embeddable":true,"href":"https:\/\/e-komplet.dk\/wikiekomplet\/wp-json\/wp\/v2\/comments?post=27409"}],"version-history":[{"count":4,"href":"https:\/\/e-komplet.dk\/wikiekomplet\/wp-json\/wp\/v2\/pages\/27409\/revisions"}],"predecessor-version":[{"id":27413,"href":"https:\/\/e-komplet.dk\/wikiekomplet\/wp-json\/wp\/v2\/pages\/27409\/revisions\/27413"}],"wp:attachment":[{"href":"https:\/\/e-komplet.dk\/wikiekomplet\/wp-json\/wp\/v2\/media?parent=27409"}],"wp:term":[{"taxonomy":"category","embeddable":true,"href":"https:\/\/e-komplet.dk\/wikiekomplet\/wp-json\/wp\/v2\/categories?post=27409"},{"taxonomy":"post_tag","embeddable":true,"href":"https:\/\/e-komplet.dk\/wikiekomplet\/wp-json\/wp\/v2\/tags?post=27409"}],"curies":[{"name":"wp","href":"https:\/\/api.w.org\/{rel}","templated":true}]}}