{"id":25298,"date":"2024-12-07T11:32:50","date_gmt":"2024-12-07T10:32:50","guid":{"rendered":"https:\/\/e-komplet.dk\/wikiekomplet\/betalningstjaenst-pbs\/"},"modified":"2025-10-29T10:42:43","modified_gmt":"2025-10-29T09:42:43","slug":"betalningstjaenst-pbs","status":"publish","type":"page","link":"https:\/\/e-komplet.dk\/wikiekomplet\/sv\/betalningstjaenst-pbs\/","title":{"rendered":"Betalningstj\u00e4nst (PBS)"},"content":{"rendered":"\t\t<div data-elementor-type=\"wp-page\" data-elementor-id=\"25298\" class=\"elementor elementor-25298 elementor-16289\" data-elementor-post-type=\"page\">\n\t\t\t\t\t\t<section class=\"elementor-section elementor-top-section elementor-element elementor-element-29095fe elementor-section-boxed elementor-section-height-default elementor-section-height-default\" data-id=\"29095fe\" data-element_type=\"section\" data-e-type=\"section\">\n\t\t\t\t\t\t<div class=\"elementor-container elementor-column-gap-default\">\n\t\t\t\t\t<div class=\"elementor-column elementor-col-100 elementor-top-column elementor-element elementor-element-f1ead18\" data-id=\"f1ead18\" data-element_type=\"column\" data-e-type=\"column\">\n\t\t\t<div class=\"elementor-widget-wrap elementor-element-populated\">\n\t\t\t\t\t\t<div class=\"elementor-element elementor-element-e7de087 elementor-widget__width-initial elementor-widget elementor-widget-heading\" data-id=\"e7de087\" data-element_type=\"widget\" data-e-type=\"widget\" data-widget_type=\"heading.default\">\n\t\t\t\t<div class=\"elementor-widget-container\">\n\t\t\t\t\t<h2 class=\"elementor-heading-title elementor-size-default\">Betalningstj\u00e4nst (PBS)<\/h2>\t\t\t\t<\/div>\n\t\t\t\t<\/div>\n\t\t\t\t\t<\/div>\n\t\t<\/div>\n\t\t\t\t\t<\/div>\n\t\t<\/section>\n\t\t\t\t<section class=\"elementor-section elementor-top-section elementor-element elementor-element-337b7e7 elementor-section-boxed elementor-section-height-default elementor-section-height-default\" data-id=\"337b7e7\" data-element_type=\"section\" data-e-type=\"section\">\n\t\t\t\t\t\t<div class=\"elementor-container elementor-column-gap-default\">\n\t\t\t\t\t<div class=\"elementor-column elementor-col-50 elementor-top-column elementor-element elementor-element-59ceb30\" data-id=\"59ceb30\" data-element_type=\"column\" data-e-type=\"column\">\n\t\t\t<div class=\"elementor-widget-wrap elementor-element-populated\">\n\t\t\t\t\t\t<section class=\"elementor-section elementor-inner-section elementor-element elementor-element-e8225de elementor-section-boxed elementor-section-height-default elementor-section-height-default\" data-id=\"e8225de\" data-element_type=\"section\" data-e-type=\"section\" data-settings=\"{&quot;background_background&quot;:&quot;classic&quot;,&quot;sticky_offset&quot;:10,&quot;sticky&quot;:&quot;top&quot;,&quot;sticky_on&quot;:[&quot;desktop&quot;],&quot;sticky_effects_offset&quot;:0,&quot;sticky_anchor_link_offset&quot;:0}\">\n\t\t\t\t\t\t\t<div class=\"elementor-background-overlay\"><\/div>\n\t\t\t\t\t\t\t<div class=\"elementor-container elementor-column-gap-default\">\n\t\t\t\t\t<div class=\"elementor-column elementor-col-100 elementor-inner-column elementor-element elementor-element-d467d2d\" data-id=\"d467d2d\" data-element_type=\"column\" data-e-type=\"column\">\n\t\t\t<div class=\"elementor-widget-wrap elementor-element-populated\">\n\t\t\t\t\t\t<div class=\"elementor-element elementor-element-50de20d elementor-widget elementor-widget-qi_addons_for_elementor_icon_with_text\" data-id=\"50de20d\" data-element_type=\"widget\" data-e-type=\"widget\" data-widget_type=\"qi_addons_for_elementor_icon_with_text.default\">\n\t\t\t\t<div class=\"elementor-widget-container\">\n\t\t\t\t\t<div class=\"qodef-shortcode qodef-m qodef-qi-icon-with-text qodef-layout--before-title qodef--icon-pack\" >\n\t<div class=\"qodef-m-content\">\n\t\t\t<h6 class=\"qodef-m-title\">\n\t\t\t\t\t<span class=\"qodef-m-title-inner\">\n\t\t\t\t\t\t\t\t\t<span class=\"qodef-m-icon-wrapper\">\n\t\t\t\t\t\t<div class=\"qodef-m-icon-holder\">\n\t<i aria-hidden=\"true\" class=\"fas fa-tags\"><\/i><\/div>\n\t\t\t\t\t<\/span>\n\t\t\t\t\t\t\t\t<span class=\"qodef-m-title-text\">\n\t\t\t\t\tRelaterade \u00e4mnen\t\t\t\t<\/span>\n\t\t\t<\/span>\n\t\t\t<\/h6>\n\t\t\t\t\t<div class=\"qodef-m-text\"><p style=\"text-align: center\"><span style=\"color: #eb9928\"><a style=\"color: #eb9928\" href=\"https:\/\/e-komplet.dk\/wikiekomplet\/sv\/tag\/foersaeljningsfaktura\/\">F\u00f6rs\u00e4ljningsfaktura<\/a> \u22c5 <a style=\"color: #eb9928\" href=\"https:\/\/e-komplet.dk\/wikiekomplet\/sv\/tag\/abonnemang\/\">Abonnemang<\/a><\/span><\/p><p style=\"text-align: center\"><span style=\"color: #eb9928\"><a style=\"color: #eb9928\" href=\"https:\/\/e-komplet.dk\/wikiekomplet\/sv\/tag\/kreditor\/\">Kreditgivare<\/a> \u22c5 <a style=\"color: #eb9928\" href=\"https:\/\/e-komplet.dk\/wikiekomplet\/sv\/tag\/debitor\/\">G\u00e4lden\u00e4r<\/a><\/span><\/p><\/div>\n\t\t\t<\/div>\n<\/div>\n\t\t\t\t<\/div>\n\t\t\t\t<\/div>\n\t\t\t\t<div class=\"elementor-element elementor-element-0f8bc0c elementor-toc--minimized-on-tablet elementor-widget elementor-widget-table-of-contents\" data-id=\"0f8bc0c\" data-element_type=\"widget\" data-e-type=\"widget\" data-settings=\"{&quot;headings_by_tags&quot;:[&quot;h3&quot;,&quot;h4&quot;],&quot;exclude_headings_by_selector&quot;:&quot;Existing CSS ID&quot;,&quot;marker_view&quot;:&quot;bullets&quot;,&quot;no_headings_message&quot;:&quot;Der blev ikke fundet nogen overskrifter p\\u00e5 denne side.&quot;,&quot;min_height&quot;:{&quot;unit&quot;:&quot;px&quot;,&quot;size&quot;:0,&quot;sizes&quot;:[]},&quot;icon&quot;:{&quot;value&quot;:&quot;fas fa-circle&quot;,&quot;library&quot;:&quot;fa-solid&quot;},&quot;minimize_box&quot;:&quot;yes&quot;,&quot;minimized_on&quot;:&quot;tablet&quot;,&quot;hierarchical_view&quot;:&quot;yes&quot;,&quot;min_height_tablet&quot;:{&quot;unit&quot;:&quot;px&quot;,&quot;size&quot;:&quot;&quot;,&quot;sizes&quot;:[]},&quot;min_height_mobile&quot;:{&quot;unit&quot;:&quot;px&quot;,&quot;size&quot;:&quot;&quot;,&quot;sizes&quot;:[]}}\" data-widget_type=\"table-of-contents.default\">\n\t\t\t\t<div class=\"elementor-widget-container\">\n\t\t\t\t\t\t\t\t\t<div class=\"elementor-toc__header\">\n\t\t\t\t\t\t<h4 class=\"elementor-toc__header-title\">\n\t\t\t\tI denna artikel\t\t\t<\/h4>\n\t\t\t\t\t\t\t\t\t\t<div class=\"elementor-toc__toggle-button elementor-toc__toggle-button--expand\" role=\"button\" tabindex=\"0\" aria-controls=\"elementor-toc__0f8bc0c\" aria-expanded=\"true\" aria-label=\"\u00d6ppna inneh\u00e5llsf\u00f6rteckning\"><i aria-hidden=\"true\" class=\"fas fa-chevron-down\"><\/i><\/div>\n\t\t\t\t<div class=\"elementor-toc__toggle-button elementor-toc__toggle-button--collapse\" role=\"button\" tabindex=\"0\" aria-controls=\"elementor-toc__0f8bc0c\" aria-expanded=\"true\" aria-label=\"St\u00e4ng inneh\u00e5llsf\u00f6rteckning\"><i aria-hidden=\"true\" class=\"fas fa-chevron-up\"><\/i><\/div>\n\t\t\t\t\t<\/div>\n\t\t\t\t<div id=\"elementor-toc__0f8bc0c\" class=\"elementor-toc__body\">\n\t\t\t<div class=\"elementor-toc__spinner-container\">\n\t\t\t\t<i class=\"elementor-toc__spinner eicon-animation-spin eicon-loading\" aria-hidden=\"true\"><\/i>\t\t\t<\/div>\n\t\t<\/div>\n\t\t\t\t\t\t<\/div>\n\t\t\t\t<\/div>\n\t\t\t\t\t<\/div>\n\t\t<\/div>\n\t\t\t\t\t<\/div>\n\t\t<\/section>\n\t\t\t\t<div class=\"elementor-element elementor-element-4c71bbf elementor-widget__width-inherit elementor-fixed elementor-widget elementor-widget-progress-tracker\" data-id=\"4c71bbf\" data-element_type=\"widget\" data-e-type=\"widget\" data-settings=\"{&quot;_position&quot;:&quot;fixed&quot;,&quot;type&quot;:&quot;horizontal&quot;,&quot;relative_to&quot;:&quot;entire_page&quot;}\" data-widget_type=\"progress-tracker.default\">\n\t\t\t\t<div class=\"elementor-widget-container\">\n\t\t\t\t\t\n\t\t<div class=\"elementor-scrolling-tracker elementor-scrolling-tracker-horizontal elementor-scrolling-tracker-alignment-\">\n\t\t\t\t\t\t<div class=\"current-progress\">\n\t\t\t\t\t<div class=\"current-progress-percentage\"><\/div>\n\t\t\t\t<\/div>\n\t\t\t\t<\/div>\n\t\t\t\t\t\t<\/div>\n\t\t\t\t<\/div>\n\t\t\t\t\t<\/div>\n\t\t<\/div>\n\t\t\t\t<div class=\"elementor-column elementor-col-50 elementor-top-column elementor-element elementor-element-7d79927\" data-id=\"7d79927\" data-element_type=\"column\" data-e-type=\"column\">\n\t\t\t<div class=\"elementor-widget-wrap elementor-element-populated\">\n\t\t\t\t\t\t<div class=\"elementor-element elementor-element-39144b8 elementor-widget elementor-widget-heading\" data-id=\"39144b8\" data-element_type=\"widget\" data-e-type=\"widget\" id=\"priser-for-brug-af-PBS\" data-widget_type=\"heading.default\">\n\t\t\t\t<div class=\"elementor-widget-container\">\n\t\t\t\t\t<h3 class=\"elementor-heading-title elementor-size-default\"><span>Priser f\u00f6r anv\u00e4ndning av PBS i E-Komplet<\/span><\/h3>\t\t\t\t<\/div>\n\t\t\t\t<\/div>\n\t\t\t\t<div class=\"elementor-element elementor-element-d7360f9 elementor-widget elementor-widget-text-editor\" data-id=\"d7360f9\" data-element_type=\"widget\" data-e-type=\"widget\" data-widget_type=\"text-editor.default\">\n\t\t\t\t<div class=\"elementor-widget-container\">\n\t\t\t\t\t\t\t\t\t<p>Se aktuella priser <a style=\"color: #eb9928;\" href=\"https:\/\/e-komplet.dk\/wikiekomplet\/prisliste\/#pbs\" target=\"_blank\" rel=\"noopener\"><span style=\"color: #eb9928;\">h\u00e4r<\/span><\/a>.<\/p>\t\t\t\t\t\t\t\t<\/div>\n\t\t\t\t<\/div>\n\t\t\t\t<div class=\"elementor-element elementor-element-c087aa1 elementor-widget elementor-widget-heading\" data-id=\"c087aa1\" data-element_type=\"widget\" data-e-type=\"widget\" id=\"ved-tilmelding\" data-widget_type=\"heading.default\">\n\t\t\t\t<div class=\"elementor-widget-container\">\n\t\t\t\t\t<h3 class=\"elementor-heading-title elementor-size-default\">Vid registrering<\/h3>\t\t\t\t<\/div>\n\t\t\t\t<\/div>\n\t\t\t\t<div class=\"elementor-element elementor-element-c91a553 elementor-widget elementor-widget-text-editor\" data-id=\"c91a553\" data-element_type=\"widget\" data-e-type=\"widget\" data-widget_type=\"text-editor.default\">\n\t\t\t\t<div class=\"elementor-widget-container\">\n\t\t\t\t\t\t\t\t\t<p>F\u00f6r att komma ig\u00e5ng med PBS p\u00e5 E-Komplet m\u00e5ste f\u00f6ljande vara inst\u00e4llt:<\/p>\n<ol>\n<li>\n<p>Du m\u00e5ste ha \u201dBS Total Solution\u201d (inte \u201dBS Web\u201d) p\u00e5 Betalingsservice.dk.<\/p>\n<\/li>\n<li>\n<p>Du m\u00e5ste ha ett extra FI-nummer hos din bank som \u00e4r kopplat till din PBS. <span style=\"color: #eb9928;\"><a style=\"color: #eb9928;\" href=\"https:\/\/www.betalingsservice.dk\/erhverv\/ny-kunde\" target=\"_blank\" rel=\"noopener\">Ny kund (betalingsservice.dk)<\/a><\/span> \u2013 kom ih\u00e5g att v\u00e4lja l\u00f6sningen <em>\u201dKomplett inkasso f\u00f6r st\u00f6rre f\u00f6retag\u201d<\/em>.<\/p>\n<\/li>\n<\/ol>\n<p>Dessa saker m\u00e5ste vara p\u00e5 plats innan vi kan b\u00f6rja installationen i E-Komplet.<\/p>\t\t\t\t\t\t\t\t<\/div>\n\t\t\t\t<\/div>\n\t\t\t\t<div class=\"elementor-element elementor-element-d5b01a8 elementor-widget elementor-widget-heading\" data-id=\"d5b01a8\" data-element_type=\"widget\" data-e-type=\"widget\" id=\"efter-tilmelding\" data-widget_type=\"heading.default\">\n\t\t\t\t<div class=\"elementor-widget-container\">\n\t\t\t\t\t<h3 class=\"elementor-heading-title elementor-size-default\">Efter registrering<\/h3>\t\t\t\t<\/div>\n\t\t\t\t<\/div>\n\t\t\t\t<div class=\"elementor-element elementor-element-e543ed0 elementor-widget elementor-widget-text-editor\" data-id=\"e543ed0\" data-element_type=\"widget\" data-e-type=\"widget\" data-widget_type=\"text-editor.default\">\n\t\t\t\t<div class=\"elementor-widget-container\">\n\t\t\t\t\t\t\t\t\t<p>N\u00e4r du har registrerat dig hos Betalingsservice (PBS) kommer du att f\u00e5 ett e-postmeddelande med information som vi beh\u00f6ver f\u00f6r att kunna skapa ditt konto. Skicka denna information till <a style=\"color: #eb9928;\" rel=\"noopener\">support@e-komplet.dk<\/a>. <\/p>\n<p>Dessutom kan du g\u00e5 till <span style=\"color: #eb9928;\"><a style=\"color: #eb9928;\" href=\"https:\/\/betalingsservice.dk\" target=\"_blank\" rel=\"noopener\">Kreditorregistrering (betalingsservice.dk)<\/a><\/span> f\u00f6r att skapa en l\u00e4nk som du kan anv\u00e4nda p\u00e5 din egen webbplats.<\/p>\n<p>Fyll i f\u00f6ljande p\u00e5 sidan:<\/p>\n<ul>\n<li>f\u00f6retagsregistreringsnummer<\/li>\n<li>PBS-nummer<\/li>\n<li>G\u00e4lden\u00e4rsgruppnummer (Deb.grp.nr.) fr\u00e5n PBS<\/li>\n<li>Kundnummer (h\u00e4r m\u00e5ste du anv\u00e4nda E-Komplet-g\u00e4lden\u00e4rsnummer).<\/li>\n<\/ul>\n<p>Du kan \u00e4ndra texten p\u00e5 PBS-sidan till \u201dDebitornummer\u201d, eftersom den m\u00e5ste st\u00e4mma \u00f6verens med kundens debitornummer i E-Komplet.<\/p>\n<p>Skapa sedan l\u00e4nken och be din IT-ansvarige att integrera den p\u00e5 din webbplats eller p\u00e5 en annan plats d\u00e4r du vill att dina kunder ska kunna registrera sig.<\/p>\t\t\t\t\t\t\t\t<\/div>\n\t\t\t\t<\/div>\n\t\t\t\t<div class=\"elementor-element elementor-element-6dd5bce elementor-widget elementor-widget-heading\" data-id=\"6dd5bce\" data-element_type=\"widget\" data-e-type=\"widget\" id=\"ved-opstart-i-e-komplet-abonnement\" data-widget_type=\"heading.default\">\n\t\t\t\t<div class=\"elementor-widget-container\">\n\t\t\t\t\t<h3 class=\"elementor-heading-title elementor-size-default\">N\u00e4r du startar ett E-Komplet-abonnemang<\/h3>\t\t\t\t<\/div>\n\t\t\t\t<\/div>\n\t\t\t\t<div class=\"elementor-element elementor-element-6a57ecc elementor-widget elementor-widget-text-editor\" data-id=\"6a57ecc\" data-element_type=\"widget\" data-e-type=\"widget\" data-widget_type=\"text-editor.default\">\n\t\t\t\t<div class=\"elementor-widget-container\">\n\t\t\t\t\t\t\t\t\t<p>N\u00e4r du \u00e4r redo att anv\u00e4nda Betalingsservice i E-Komplet finns det n\u00e5gra saker som m\u00e5ste vara p\u00e5 plats i f\u00f6rv\u00e4g. Om du \u00e4r os\u00e4ker kan du l\u00e4sa mer om de vanligaste fallgroparna <a style=\"color: #eb9928;\" href=\"#faldgruber\" target=\"_blank\" rel=\"noopener\"><span style=\"color: #eb9928;\">h\u00e4r<\/span><\/a>. <\/p>\n<p>1. Skapa en <span style=\"color: #eb9928;\"><a style=\"color: #eb9928;\" href=\"https:\/\/e-komplet.dk\/wikiekomplet\/debitorkartotek\/\" target=\"_blank\" rel=\"noopener\">kund<\/a><\/span> (om kunden inte redan finns).<\/p>\n<p>2. Skapa en <a style=\"color: #eb9928;\" href=\"https:\/\/e-komplet.dk\/wikiekomplet\/sv\/abonnemangshantering-i-e-komplet\/\" target=\"_blank\" rel=\"noopener\"><span style=\"color: #eb9928;\">prenumeration<\/span><\/a> f\u00f6r den aktuella g\u00e4lden\u00e4ren.<\/p>\n<p>3. Den f\u00f6rsta prenumerationsfakturan m\u00e5ste skickas med leveransmetoden \u201dE-post\u201d och du m\u00e5ste v\u00e4lja den nya mallen med dina PBS-uppgifter.<\/p>\n<p>4. Om kunden registrerar sig f\u00f6r PBS \u00e4ndrar vi automatiskt leveransmetoden fr\u00e5n \u201dE-post\u201d till \u201dBetalningstj\u00e4nst\u201d.<\/p>\t\t\t\t\t\t\t\t<\/div>\n\t\t\t\t<\/div>\n\t\t\t\t<div class=\"elementor-element elementor-element-3349135 elementor-widget elementor-widget-heading\" data-id=\"3349135\" data-element_type=\"widget\" data-e-type=\"widget\" id=\"faldgruber\" data-widget_type=\"heading.default\">\n\t\t\t\t<div class=\"elementor-widget-container\">\n\t\t\t\t\t<h3 class=\"elementor-heading-title elementor-size-default\">Fallgropar<\/h3>\t\t\t\t<\/div>\n\t\t\t\t<\/div>\n\t\t\t\t<div class=\"elementor-element elementor-element-df6ffec elementor-widget elementor-widget-text-editor\" data-id=\"df6ffec\" data-element_type=\"widget\" data-e-type=\"widget\" data-widget_type=\"text-editor.default\">\n\t\t\t\t<div class=\"elementor-widget-container\">\n\t\t\t\t\t\t\t\t\t<p><strong>Viktiga punkter att notera:<\/strong><br>Om f\u00f6ljande inte f\u00f6ljs och vi m\u00e5ste bist\u00e5 med hj\u00e4lp, debiteras betalning f\u00f6r teknikerns arbetstid.<\/p>\n<ol>\n<li>\n<p>Det kan endast finnas ett abonnemang per kund om de ska registreras hos Betalingsservice.<\/p>\n<\/li>\n<li>\n<p>Prenumerationer f\u00f6r Betalingsservice-kunder kan endast faktureras om f\u00f6rfallodagen infaller i f\u00f6ljande m\u00e5nad. F\u00f6rfallodagen f\u00e5r inte infalla samma m\u00e5nad som fakturadatumet.<br>Exempel: Det \u00e4r inte m\u00f6jligt att fakturera en prenumeration den 6\/7-2024 med f\u00f6rfallodag den 20\/7-2024. <\/p>\n<\/li>\n<li>\n<p>Observera rapporteringsfristen f\u00f6r Betalingsservice. Se frister h\u00e4<span style=\"color: #eb9928;\">r: <a style=\"color: #eb9928;\" href=\"https:\/\/betalingsservice.dk\" target=\"_blank\" rel=\"noopener\">Frist f\u00f6r inl\u00e4mning (betalingsservice.dk)<\/a><\/span>. <\/p>\n<\/li>\n<li>\n<p>Du m\u00e5ste ha ett separat FI-nummer kopplat till din Betalingsservice-l\u00f6sning.<\/p>\n<\/li>\n<li>\n<p>Du beh\u00f6ver det omfattande betalningstj\u00e4nstepaketet, n\u00e4mligen \u201d<em>Komplett fakturering f\u00f6r st\u00f6rre f\u00f6retag<\/em>\u201d.<\/p>\n<\/li>\n<li>\n<p>N\u00e4r kunder registrerar sig hos PBS m\u00e5ste de anv\u00e4nda sitt g\u00e4lden\u00e4rsnummer fr\u00e5n E-Komplet s\u00e5 att systemet kan matcha informationen korrekt.<\/p>\n<\/li>\n<\/ol>\t\t\t\t\t\t\t\t<\/div>\n\t\t\t\t<\/div>\n\t\t\t\t<div class=\"elementor-element elementor-element-d44a415 elementor-widget elementor-widget-heading\" data-id=\"d44a415\" data-element_type=\"widget\" data-e-type=\"widget\" id=\"indstillinger\" data-widget_type=\"heading.default\">\n\t\t\t\t<div class=\"elementor-widget-container\">\n\t\t\t\t\t<h3 class=\"elementor-heading-title elementor-size-default\">Inst\u00e4llningar<\/h3>\t\t\t\t<\/div>\n\t\t\t\t<\/div>\n\t\t\t\t<div class=\"elementor-element elementor-element-272f96b elementor-widget elementor-widget-text-editor\" data-id=\"272f96b\" data-element_type=\"widget\" data-e-type=\"widget\" data-widget_type=\"text-editor.default\">\n\t\t\t\t<div class=\"elementor-widget-container\">\n\t\t\t\t\t\t\t\t\t<p><span style=\"font-family: 'Maven Pro', 'Maven Pro'; font-size: 16px; font-style: normal; font-variant-ligatures: normal; font-variant-caps: normal; font-weight: 400;\">Inst\u00e4llningarna f\u00f6r Betalingsservice konfigureras under inst\u00e4llningar f\u00f6r <\/span><a style=\"font-size: 16px; color: #eb9928; transition-property: all;\" href=\"https:\/\/e-komplet.dk\/wikiekomplet\/salgsfakturaindstillinger\/\" target=\"_blank\" rel=\"noopener\"><span style=\"font-variant-ligatures: normal; font-variant-caps: normal; font-family: 'Maven Pro', 'Maven Pro'; font-size: 16px; font-style: normal; font-weight: 400; color: #eb9928;\">f\u00f6rs\u00e4ljningsfakturor<\/span><\/a>. Dessa inst\u00e4llningar b\u00f6r inte \u00e4ndras utan vidare meddelande. Om korrigeringar kr\u00e4vs, v\u00e4nligen skriv till <a style=\"color: #eb9928;\" href=\"mailto:support@e-komplet.dk\"><span style=\"color: #eb9928;\">support@e-komplet.dk<\/span><\/a>.  <\/p>\t\t\t\t\t\t\t\t<\/div>\n\t\t\t\t<\/div>\n\t\t\t\t\t<\/div>\n\t\t<\/div>\n\t\t\t\t\t<\/div>\n\t\t<\/section>\n\t\t\t\t<\/div>\n\t\t","protected":false},"excerpt":{"rendered":"<p>Betalningstj\u00e4nst (PBS) Relaterade \u00e4mnen F\u00f6rs\u00e4ljningsfaktura \u22c5 Abonnemang Kreditgivare \u22c5 G\u00e4lden\u00e4r I denna artikel Priser f\u00f6r anv\u00e4ndning av PBS i E-Komplet Se aktuella priser h\u00e4r. Vid registrering F\u00f6r att komma ig\u00e5ng med PBS p\u00e5 E-Komplet m\u00e5ste f\u00f6ljande vara inst\u00e4llt: Du m\u00e5ste ha \u201dBS Total Solution\u201d (inte \u201dBS Web\u201d) p\u00e5 Betalingsservice.dk. Du m\u00e5ste ha ett extra FI-nummer [&hellip;]<\/p>\n","protected":false},"author":5,"featured_media":0,"parent":0,"menu_order":0,"comment_status":"closed","ping_status":"closed","template":"","meta":{"om_disable_all_campaigns":false,"_import_markdown_pro_load_document_selector":0,"_import_markdown_pro_submit_text_textarea":"","_monsterinsights_skip_tracking":false,"_monsterinsights_sitenote_active":false,"_monsterinsights_sitenote_note":"","_monsterinsights_sitenote_category":0,"footnotes":""},"categories":[],"tags":[286,365,363,302,366],"class_list":["post-25298","page","type-page","status-publish","hentry","tag-abonnemang","tag-betalningstjaenst","tag-digitalisering","tag-kreditor","tag-pbs"],"_links":{"self":[{"href":"https:\/\/e-komplet.dk\/wikiekomplet\/sv\/wp-json\/wp\/v2\/pages\/25298","targetHints":{"allow":["GET"]}}],"collection":[{"href":"https:\/\/e-komplet.dk\/wikiekomplet\/sv\/wp-json\/wp\/v2\/pages"}],"about":[{"href":"https:\/\/e-komplet.dk\/wikiekomplet\/sv\/wp-json\/wp\/v2\/types\/page"}],"author":[{"embeddable":true,"href":"https:\/\/e-komplet.dk\/wikiekomplet\/sv\/wp-json\/wp\/v2\/users\/5"}],"replies":[{"embeddable":true,"href":"https:\/\/e-komplet.dk\/wikiekomplet\/sv\/wp-json\/wp\/v2\/comments?post=25298"}],"version-history":[{"count":0,"href":"https:\/\/e-komplet.dk\/wikiekomplet\/sv\/wp-json\/wp\/v2\/pages\/25298\/revisions"}],"wp:attachment":[{"href":"https:\/\/e-komplet.dk\/wikiekomplet\/sv\/wp-json\/wp\/v2\/media?parent=25298"}],"wp:term":[{"taxonomy":"category","embeddable":true,"href":"https:\/\/e-komplet.dk\/wikiekomplet\/sv\/wp-json\/wp\/v2\/categories?post=25298"},{"taxonomy":"post_tag","embeddable":true,"href":"https:\/\/e-komplet.dk\/wikiekomplet\/sv\/wp-json\/wp\/v2\/tags?post=25298"}],"curies":[{"name":"wp","href":"https:\/\/api.w.org\/{rel}","templated":true}]}}